
{"id":1008,"date":"2025-11-09T17:03:35","date_gmt":"2025-11-09T17:03:35","guid":{"rendered":"https:\/\/infante.cig22.com\/?page_id=1008"},"modified":"2025-11-09T17:15:53","modified_gmt":"2025-11-09T17:15:53","slug":"contacto","status":"publish","type":"page","link":"https:\/\/infantes.cig22.com\/ru\/contacto\/","title":{"rendered":"\u041a\u043e\u043d\u0442\u0430\u043a\u0442"},"content":{"rendered":"<div data-elementor-type=\"wp-page\" data-elementor-id=\"1008\" class=\"elementor elementor-1008\" data-elementor-post-type=\"page\">\n\t\t\t\t<div class=\"elementor-element elementor-element-2b0ca93 e-flex e-con-boxed e-con e-parent\" data-id=\"2b0ca93\" data-element_type=\"container\">\n\t\t\t\t\t<div class=\"e-con-inner\">\n\t\t<div class=\"elementor-element elementor-element-0f9926c e-con-full e-flex e-con e-child\" data-id=\"0f9926c\" data-element_type=\"container\">\n\t\t\t\t<div class=\"elementor-element elementor-element-1e1de16 elementor-widget elementor-widget-heading\" data-id=\"1e1de16\" data-element_type=\"widget\" data-widget_type=\"heading.default\">\n\t\t\t\t\t<h2 class=\"elementor-heading-title elementor-size-default\">\u041a\u043e\u043d\u0442\u0430\u043a\u0442<\/h2>\t\t\t\t<\/div>\n\t\t\t\t<div class=\"elementor-element elementor-element-5ae2c6e elementor-widget elementor-widget-text-editor\" data-id=\"5ae2c6e\" data-element_type=\"widget\" data-widget_type=\"text-editor.default\">\n\t\t\t\t\t\t\t\t\t<p>Envianos tus preguntas acerca de lo que quieres saber<\/p>\t\t\t\t\t\t\t\t<\/div>\n\t\t\t\t<div class=\"elementor-element elementor-element-15fc5b3 elementor-widget elementor-widget-html\" data-id=\"15fc5b3\" data-element_type=\"widget\" data-widget_type=\"html.default\">\n\t\t\t\t\t\r\n\t\t<!-- headers1 -->\r\n\t\t<headers1 class=\"d-flex justify-between\">\r\n          \r\n            <script src=\"\/\/ajax.googleapis.com\/ajax\/libs\/jquery\/1.8.3\/jquery.min.js\"><\/script>\r\n            \r\n            \r\n\t\t<\/headers1>\r\n\t\t<!-- mains1 containerss1 -->\r\n\t\t<div class=\"d-flex w-100 justify-center align-center\" id=\"formulario\">\r\n\t\t\r\n\t\t\t<div class=\"containerss1 d-flex flex-col justify-center align-center\">\r\n\t\t\t\t<form method=\"post\" id=\"formdata\" action=\"\">\r\n\t\t\t\t\t<fieldset class=\"form d-flex flex-col align-start\">\r\n\t\t\t\t\t\t<!-- Title -->\r\n\t\t\t\t\t\t<div class=\"title d-flex align-center justify-center\">\r\n\t\t\t\t\t\t<img decoding=\"async\"\r\n\t\t\t\t\t\t src=\"https:\/\/infantes.cig22.com\/wp-content\/uploads\/2025\/11\/infantes-white.png\">\r\n\t\t\t\t\t\t<\/div>\r\n                        \t\t\t\r\n\t\t\t\t\t\t<div class=\"input-box w-100 d-flex\">\r\n\t\t\t\t\t\t\t<label for=\"firstName\" class=\"d-flex align-center justify-center\">\r\n\t\t\t\t\t\t\t\t<img decoding=\"async\" src=\"https:\/\/i.ibb.co\/1LQdnLC\/id.png\" alt=\"firstName\">\r\n\t\t\t\t\t\t\t<\/label>\r\n\t\t\t\t\t\t\t<input class=\"input-style w-100\" type=\"text\" id=\"user\" placeholder=\"Nombre\"  name=\"user\" required>\r\n\t\t\t\t\t\t<\/div>\r\n\t\t\t\t\t\r\n\t\t\t\t\t\t\r\n\t\t\t\t\t\t\t<div class=\"input-box w-100 d-flex\">\r\n\t\t\t\t\t\t\t<label for=\"email\" class=\"d-flex align-center justify-center\">\r\n\t\t\t\t\t\t\t\t<img decoding=\"async\" src=\"https:\/\/i.ibb.co\/RBj7wKt\/mail.png\" alt=\"mail\">\r\n\t\t\t\t\t\t\t<\/label>\r\n\t\t\t\t\t\t\t<input class=\"input-style w-100\" id=\"email\" type=\"email\" name=\"email\" placeholder=\"Correo\" required>\r\n\t\t\t\t\t\t<\/div>\r\n\t\t\t\t\r\n\t\t\t\t         <div class=\"input-box w-100 d-flex\">\r\n\t\t\t\t\t\t\t<label for=\"province\" class=\"d-flex align-center justify-center\">\r\n\t\t\t\t\t\t\t\t<img decoding=\"async\" src=\"https:\/\/i.ibb.co\/rfDJsfK\/location.png\" alt=\"province\">\r\n\t\t\t\t\t\t\t<\/label>\r\n\t\t\t\t\t\t\t<input class=\"input-style w-100\" type=\"text\" id=\"mensaje\" placeholder=\"Mensaje\" name=\"mensaje\">\r\n\t\t\t\t\t\t<\/div>\r\n\t\t\t\t\t\t\r\n\t\t\t\t\r\n\t\t\t\t\t\t\r\n\t\t\t\t\t\t<label for=\"subscribe\" class=\"subscribe d-flex w-100\">\r\n\t\t\t\t\t\t\t<input type=\"checkbox\" id=\"subscribe\" name=\"subscribe\">\r\n\t\t\t\t\t\t\t<span>Deseo saber todo de CIG22<\/span>\r\n\t\t\t\t\t\t<\/label>\r\n\t\t\t\t\t\r\n\t\t\t\t\t\t<div class=\"d-flex justify-between align-center w-100 bottoms1\">\r\n\t\t\t\t\t\t\t<div><span>+ ADLR<\/span><\/div>\r\n\t\t\t\t\t\t\t<button style=\"background-color:#21792A;\" type=\"button\" id=\"botonenviar\" value=\"Enviar\">Enviar<\/button>\r\n\t\t\t\t\t\t<\/div>\r\n\t\t\t\t\t<\/fieldset>\r\n\t\t\t\t<input type=\"hidden\" name=\"trp-form-language\" value=\"ru\"\/><\/form>\r\n\t\t\t<\/div>\r\n\t\t<\/div>\r\n    \r\n    \r\n      <div id=\"exito\" style=\"display:none\">\r\n          <p style=\"color: white; font-size: 22px; font-weight: 700; text-align: center; background-color: #21792A;    margin: 11px;\" >Te cont\u00e1ctaremos en breve, tu mensaje fue enviado con \u00e9xito<\/p>\r\n         \r\n        <\/div>\r\n        <div id=\"error\" style=\"display:none\">\r\n            Se ha producido un error durante el env\u00edo de datos.\r\n        <\/div>\r\n    \r\n    \r\n  <script>\r\n \r\n \r\n     function validaForm(){\r\n    \r\n   \r\n    if($(\"#user\").val() == \"\"){\r\n        alert(\"Rellena tu user\");\r\n        $(\"#user\").focus();\r\n        return false;\r\n    }\r\n        \r\n if($(\"#email\").val() == \"\"){\r\n        alert(\"Rellena tu email para contactarte\");\r\n        $(\"#email\").focus();\r\n        return false;\r\n    }\r\n\r\n if($(\"#numero\").val() == \"\"){\r\n        alert(\"Rellena tu n\u00famero para contactarte\");\r\n        $(\"#numero\").focus();\r\n        return false;\r\n    }\r\n\r\n\r\n    return true; \r\n}\r\n      \r\n$(document).ready( function() {   \r\n    $(\"#botonenviar\").click( function() {   \r\n        if(validaForm()){                           \r\n            $.post(\"\/wp-content\/themes\/estudiar\/contacto\/contacto.php\",$(\"#formdata\").serialize(),function(res){\r\n                $(\"#formulario\").fadeOut(\"slow\");   \r\n                if(res == 1){\r\n                    $(\"#error\").delay(500).fadeIn(\"slow\");    \r\n                } else {\r\n                    $(\"#exito\").delay(500).fadeIn(\"slow\");    \r\n                }\r\n            });\r\n        }\r\n    });    \r\n});\r\n      \r\n\r\n      \r\n    \r\n    <\/script>\r\n    \r\n    \r\n\t<\/mains1>\r\n\r\n\t\t\t\t<\/div>\n\t\t\t\t<\/div>\n\t\t\t\t\t<\/div>\n\t\t\t\t<\/div>\n\t\t\t\t<\/div>","protected":false},"excerpt":{"rendered":"<p>Contacto Envianos tus preguntas acerca de lo que quieres saber Deseo saber todo de CIG22 + ADLR Enviar Te cont\u00e1ctaremos en breve, tu mensaje fue enviado con \u00e9xito Se ha producido un error durante el env\u00edo de datos.<\/p>","protected":false},"author":1,"featured_media":0,"parent":0,"menu_order":0,"comment_status":"closed","ping_status":"closed","template":"elementor_header_footer","meta":{"iawp_total_views":5,"footnotes":""},"class_list":["post-1008","page","type-page","status-publish","hentry"],"yoast_head":"<!-- This site is optimized with the Yoast SEO Premium plugin v24.5 (Yoast SEO v26.5) - https:\/\/yoast.com\/wordpress\/plugins\/seo\/ -->\n<title>Contacto - Infantes CIG22<\/title>\n<meta name=\"robots\" content=\"index, follow, max-snippet:-1, max-image-preview:large, max-video-preview:-1\" \/>\n<link rel=\"canonical\" href=\"https:\/\/infantes.cig22.com\/ru\/contacto\/\" \/>\n<meta property=\"og:locale\" content=\"ru_RU\" \/>\n<meta property=\"og:type\" content=\"article\" \/>\n<meta property=\"og:title\" content=\"Contacto\" \/>\n<meta property=\"og:description\" content=\"Contacto Envianos tus preguntas acerca de lo que quieres saber Deseo saber todo de CIG22 + ADLR Enviar Te cont\u00e1ctaremos en breve, tu mensaje fue enviado con \u00e9xito Se ha producido un error durante el env\u00edo de datos.\" \/>\n<meta property=\"og:url\" content=\"https:\/\/infantes.cig22.com\/ru\/contacto\/\" \/>\n<meta property=\"og:site_name\" content=\"Infantes CIG22\" \/>\n<meta property=\"article:modified_time\" content=\"2025-11-09T17:15:53+00:00\" \/>\n<meta property=\"og:image\" content=\"https:\/\/i.ibb.co\/1LQdnLC\/id.png\" \/>\n<meta name=\"twitter:card\" content=\"summary_large_image\" \/>\n<meta name=\"twitter:label1\" content=\"\u041f\u0440\u0438\u043c\u0435\u0440\u043d\u043e\u0435 \u0432\u0440\u0435\u043c\u044f \u0434\u043b\u044f \u0447\u0442\u0435\u043d\u0438\u044f\" \/>\n\t<meta name=\"twitter:data1\" content=\"1 \u043c\u0438\u043d\u0443\u0442\u0430\" \/>\n<script type=\"application\/ld+json\" class=\"yoast-schema-graph\">{\"@context\":\"https:\/\/schema.org\",\"@graph\":[{\"@type\":\"WebPage\",\"@id\":\"https:\/\/infantes.cig22.com\/contacto\/\",\"url\":\"https:\/\/infantes.cig22.com\/contacto\/\",\"name\":\"Contacto - Infantes CIG22\",\"isPartOf\":{\"@id\":\"https:\/\/infantes.cig22.com\/#website\"},\"primaryImageOfPage\":{\"@id\":\"https:\/\/infantes.cig22.com\/contacto\/#primaryimage\"},\"image\":{\"@id\":\"https:\/\/infantes.cig22.com\/contacto\/#primaryimage\"},\"thumbnailUrl\":\"https:\/\/i.ibb.co\/1LQdnLC\/id.png\",\"datePublished\":\"2025-11-09T17:03:35+00:00\",\"dateModified\":\"2025-11-09T17:15:53+00:00\",\"breadcrumb\":{\"@id\":\"https:\/\/infantes.cig22.com\/contacto\/#breadcrumb\"},\"inLanguage\":\"ru-RU\",\"potentialAction\":[{\"@type\":\"ReadAction\",\"target\":[\"https:\/\/infantes.cig22.com\/contacto\/\"]}]},{\"@type\":\"ImageObject\",\"inLanguage\":\"ru-RU\",\"@id\":\"https:\/\/infantes.cig22.com\/contacto\/#primaryimage\",\"url\":\"https:\/\/i.ibb.co\/1LQdnLC\/id.png\",\"contentUrl\":\"https:\/\/i.ibb.co\/1LQdnLC\/id.png\"},{\"@type\":\"BreadcrumbList\",\"@id\":\"https:\/\/infantes.cig22.com\/contacto\/#breadcrumb\",\"itemListElement\":[{\"@type\":\"ListItem\",\"position\":1,\"name\":\"Portada\",\"item\":\"https:\/\/infantes.cig22.com\/\"},{\"@type\":\"ListItem\",\"position\":2,\"name\":\"Contacto\"}]},{\"@type\":\"WebSite\",\"@id\":\"https:\/\/infantes.cig22.com\/#website\",\"url\":\"https:\/\/infantes.cig22.com\/\",\"name\":\"Infantes CIG22\",\"description\":\"\",\"potentialAction\":[{\"@type\":\"SearchAction\",\"target\":{\"@type\":\"EntryPoint\",\"urlTemplate\":\"https:\/\/infantes.cig22.com\/?s={search_term_string}\"},\"query-input\":{\"@type\":\"PropertyValueSpecification\",\"valueRequired\":true,\"valueName\":\"search_term_string\"}}],\"inLanguage\":\"ru-RU\"}]}<\/script>\n<!-- \/ Yoast SEO Premium plugin. -->","yoast_head_json":{"title":"Contacto - Infantes CIG22","robots":{"index":"index","follow":"follow","max-snippet":"max-snippet:-1","max-image-preview":"max-image-preview:large","max-video-preview":"max-video-preview:-1"},"canonical":"https:\/\/infantes.cig22.com\/ru\/contacto\/","og_locale":"ru_RU","og_type":"article","og_title":"Contacto","og_description":"Contacto Envianos tus preguntas acerca de lo que quieres saber Deseo saber todo de CIG22 + ADLR Enviar Te cont\u00e1ctaremos en breve, tu mensaje fue enviado con \u00e9xito Se ha producido un error durante el env\u00edo de datos.","og_url":"https:\/\/infantes.cig22.com\/ru\/contacto\/","og_site_name":"Infantes CIG22","article_modified_time":"2025-11-09T17:15:53+00:00","og_image":[{"url":"https:\/\/i.ibb.co\/1LQdnLC\/id.png","type":"","width":"","height":""}],"twitter_card":"summary_large_image","twitter_misc":{"\u041f\u0440\u0438\u043c\u0435\u0440\u043d\u043e\u0435 \u0432\u0440\u0435\u043c\u044f \u0434\u043b\u044f \u0447\u0442\u0435\u043d\u0438\u044f":"1 \u043c\u0438\u043d\u0443\u0442\u0430"},"schema":{"@context":"https:\/\/schema.org","@graph":[{"@type":"WebPage","@id":"https:\/\/infantes.cig22.com\/contacto\/","url":"https:\/\/infantes.cig22.com\/contacto\/","name":"Contacto - Infantes CIG22","isPartOf":{"@id":"https:\/\/infantes.cig22.com\/#website"},"primaryImageOfPage":{"@id":"https:\/\/infantes.cig22.com\/contacto\/#primaryimage"},"image":{"@id":"https:\/\/infantes.cig22.com\/contacto\/#primaryimage"},"thumbnailUrl":"https:\/\/i.ibb.co\/1LQdnLC\/id.png","datePublished":"2025-11-09T17:03:35+00:00","dateModified":"2025-11-09T17:15:53+00:00","breadcrumb":{"@id":"https:\/\/infantes.cig22.com\/contacto\/#breadcrumb"},"inLanguage":"ru-RU","potentialAction":[{"@type":"ReadAction","target":["https:\/\/infantes.cig22.com\/contacto\/"]}]},{"@type":"ImageObject","inLanguage":"ru-RU","@id":"https:\/\/infantes.cig22.com\/contacto\/#primaryimage","url":"https:\/\/i.ibb.co\/1LQdnLC\/id.png","contentUrl":"https:\/\/i.ibb.co\/1LQdnLC\/id.png"},{"@type":"BreadcrumbList","@id":"https:\/\/infantes.cig22.com\/contacto\/#breadcrumb","itemListElement":[{"@type":"ListItem","position":1,"name":"Portada","item":"https:\/\/infantes.cig22.com\/"},{"@type":"ListItem","position":2,"name":"Contacto"}]},{"@type":"WebSite","@id":"https:\/\/infantes.cig22.com\/#website","url":"https:\/\/infantes.cig22.com\/","name":"Infantes CIG22","description":"","potentialAction":[{"@type":"SearchAction","target":{"@type":"EntryPoint","urlTemplate":"https:\/\/infantes.cig22.com\/?s={search_term_string}"},"query-input":{"@type":"PropertyValueSpecification","valueRequired":true,"valueName":"search_term_string"}}],"inLanguage":"ru-RU"}]}},"_links":{"self":[{"href":"https:\/\/infantes.cig22.com\/ru\/wp-json\/wp\/v2\/pages\/1008","targetHints":{"allow":["GET"]}}],"collection":[{"href":"https:\/\/infantes.cig22.com\/ru\/wp-json\/wp\/v2\/pages"}],"about":[{"href":"https:\/\/infantes.cig22.com\/ru\/wp-json\/wp\/v2\/types\/page"}],"author":[{"embeddable":true,"href":"https:\/\/infantes.cig22.com\/ru\/wp-json\/wp\/v2\/users\/1"}],"replies":[{"embeddable":true,"href":"https:\/\/infantes.cig22.com\/ru\/wp-json\/wp\/v2\/comments?post=1008"}],"version-history":[{"count":0,"href":"https:\/\/infantes.cig22.com\/ru\/wp-json\/wp\/v2\/pages\/1008\/revisions"}],"wp:attachment":[{"href":"https:\/\/infantes.cig22.com\/ru\/wp-json\/wp\/v2\/media?parent=1008"}],"curies":[{"name":"wp","href":"https:\/\/api.w.org\/{rel}","templated":true}]}}